{"id":2,"date":"2022-02-05T14:48:24","date_gmt":"2022-02-05T14:48:24","guid":{"rendered":"https:\/\/schwangerschaftsmassage-duesseldorf.de\/?page_id=2"},"modified":"2023-09-10T14:36:57","modified_gmt":"2023-09-10T12:36:57","slug":"schwangerschaftsmassage-duesseldorf","status":"publish","type":"page","link":"https:\/\/schwangerschaftsmassage-duesseldorf.de\/","title":{"rendered":"Schwangerschaftsmassage D\u00fcsseldorf"},"content":{"rendered":"\n<h2 class=\"wp-block-heading\" id=\"massage-fur-schwangere-in-dusseldorf\">Schwangerschaftsmassage &#8211; Massage f\u00fcr Schwangere in D\u00fcsseldorf \u2013 Besondere Verw\u00f6hnmomente f\u00fcr werdende M\u00fctter<\/h2>\n\n\n\n<p>Bei der Schwangerschaftsmassage steht das Wohlergehen der werdenden Mutter und somit auch dem kleinen Wesen im Bauch im Mittelpunkt. Diese Massage richtet sich nach den momentanen Bed\u00fcrfnissen der Schwangeren.<\/p>\n\n\n\n<figure class=\"wp-block-image size-full\"><img loading=\"lazy\" decoding=\"async\" width=\"388\" height=\"549\" src=\"https:\/\/schwangerschaftsmassage-duesseldorf.de\/wp-content\/uploads\/2022\/02\/Schwangerschaftsmassage-1.png\" alt=\"Skizze einer Schwangeren mit Feder\" class=\"wp-image-10\" srcset=\"https:\/\/schwangerschaftsmassage-duesseldorf.de\/wp-content\/uploads\/2022\/02\/Schwangerschaftsmassage-1.png 388w, https:\/\/schwangerschaftsmassage-duesseldorf.de\/wp-content\/uploads\/2022\/02\/Schwangerschaftsmassage-1-212x300.png 212w\" sizes=\"auto, (max-width: 388px) 100vw, 388px\" \/><\/figure>\n\n\n\n<h2 class=\"wp-block-heading\" id=\"wahrend-der-schwangerschaft-erfahrt-der-weibliche-korper-grosse-veranderungen\">W\u00e4hrend der Schwangerschaft erf\u00e4hrt der weibliche K\u00f6rper gro\u00dfe Ver\u00e4nderungen<\/h2>\n\n\n\n<p>Durch die Gewichtszunahme ver\u00e4ndert sich auch die K\u00f6rperhaltung und gegen Ende der Schwangerschaft nehmen R\u00fcckenschmerzen zu. Schmerzen im Bewegungsapparat sind der h\u00e4ufigste Grund, warum sich Frauen eine Massage in der Schwangerschaft w\u00fcnschen.<\/p>\n\n\n\n<p>Den Alltag einmal ausblenden, durch sanfte Ber\u00fchrungen, Ausstreichungen und massierende Bewegungen den verspannten K\u00f6rper verw\u00f6hnen und somit Blockaden l\u00f6sen. Entspannen, Stress reduzieren, Wassereinlagerungen verringern sowie die Schlafqualit\u00e4t verbessern sind nur einige Vorteile, die eine Schwangerschaftsmasage bietet.<\/p>\n\n\n\n<p>Sanfte Ber\u00fchrungen, Ausstreichungen und massierende Bewegungen entspannen den K\u00f6rper und k\u00f6nnen Blockaden l\u00f6sen.<\/p>\n\n\n\n<p>Die Schwangerschaftsmassage f\u00fchlt sich nicht nur angenehm an, sondern wirkt sich nachhaltig positiv auf das Nervensystem aus, erm\u00f6glicht Dir somit pure Entspannung, damit auch bei schwierigen oder anstrengenden Phasen in einer Schwangerschaft Ruhe und Balance positiv wirken k\u00f6nnen.<\/p>\n\n\n\n<h2 class=\"wp-block-heading\">Osteopathische Handgriffe zur Linderung bei Schwangerschaftsbeschwerden<\/h2>\n\n\n\n<p><br>Eine Schwangerschaft kann mit unter verschiedene Beschwerden hervorrufen und den Alltag erheblich einschr\u00e4nken.<br>Du leidest unter Symphysen-Beschwerden, angespanntem Piriformis- oder Psoasmuskel, Schulter- und R\u00fcckenschmerzen sowie Blockaden im Iliosakralgelenk? All diese Beschwerden k\u00f6nnen durch osteopathische Handgriffe gelindert werden, was sich positiv auf den Geburtsprozess auswirken kann.<br>Bevor ich mit meiner Massage f\u00fcr Schwangere beginne, erfrage ich m\u00f6gliche Beschwerden ab. Durch diese erworbene Information lasse ich in meiner Massage gezielte osteopathische Handgriffe mit einflie\u00dfen. Immer in Kontakt mit dir erfahre ich, ob jener zielgerichteter Handgriff als angenehm und lindernd empfunden wird.<\/p>\n\n\n\n<p>Dauer: 60 Minuten Ganzk\u00f6rpermassage<br>Preis: 60,-\u20ac<\/p>\n\n\n\n<p>Eine Schwangerschaftsmassage ist ab dem 4. Schwangerschaftsmonat m\u00f6glich. Bitte kl\u00e4re vorher mit deinem Frauenarzt oder Hebamme, ob in deinem Fall eine Schwangerenmassage m\u00f6glich ist.<\/p>\n\n\n\n<h3 class=\"wp-block-heading\">Bringe bitte zu deiner Schwangerschaftsmassage mit:<\/h3>\n\n\n\n<ul class=\"wp-block-list\">\n<li>Mutterpass<\/li>\n\n\n\n<li>2 Badet\u00fccher<\/li>\n\n\n\n<li>1 Handtuch<\/li>\n<\/ul>\n\n\n\n<p>Termine sind auch an Wochenenden und Feiertagen m\u00f6glich.<\/p>\n\n\n\n<h3 class=\"wp-block-heading\" id=\"kontakt\">Weiterf\u00fchrende Links<\/h3>\n\n\n\n<p>Du erreichst mich telefonisch unter 0171 9587588, per EMail an <a href=\"mailto:bianka@polzius.de\">bianka@Polzius.de<\/a> oder \u00fcber das <a href=\"https:\/\/yogafaszination.de\/kontakt\/\">Kontaktformular<\/a><\/p>\n\n\n\n<p id=\"kundenmeinungen-finden-sie-hier\">Kundenmeinungen findest du <a href=\"https:\/\/yogafaszination.de\/kundenmeinungen-massagen-fuer-schwangere\/\">&gt;&gt;&gt; hier &lt;&lt;&lt;<\/a><\/p>\n\n\n\n<p><a rel=\"noreferrer noopener\" href=\"https:\/\/yogafaszination.de\/gutscheine\/\" target=\"_blank\">Gutscheine<\/a> sind eine tolle Geschenkidee f\u00fcr deine Lieben.<\/p>\n\n\n\n<p>Mein gesamtes Angebot <a rel=\"noreferrer noopener\" href=\"https:\/\/yogafaszination.de\" target=\"_blank\">www.yogafaszination.de<\/a><\/p>\n\n\n\n<p><\/p>\n","protected":false},"excerpt":{"rendered":"<p>Schwangerschaftsmassage &#8211; Massage f\u00fcr Schwangere in D\u00fcsseldorf \u2013 Besondere Verw\u00f6hnmomente f\u00fcr werdende M\u00fctter Bei der Schwangerschaftsmassage steht das Wohlergehen der werdenden Mutter und somit auch dem kleinen Wesen im Bauch im Mittelpunkt. Diese Massage richtet sich nach den momentanen Bed\u00fcrfnissen der Schwangeren. W\u00e4hrend der Schwangerschaft erf\u00e4hrt der weibliche K\u00f6rper gro\u00dfe Ver\u00e4nderungen Durch die Gewichtszunahme ver\u00e4ndert &hellip; <\/p>\n<p class=\"link-more\"><a href=\"https:\/\/schwangerschaftsmassage-duesseldorf.de\/\" class=\"more-link\"><span class=\"screen-reader-text\">\u201eSchwangerschaftsmassage D\u00fcsseldorf\u201c <\/span>weiterlesen<\/a><\/p>\n","protected":false},"author":1,"featured_media":0,"parent":0,"menu_order":0,"comment_status":"closed","ping_status":"closed","template":"","meta":{"_seopress_robots_primary_cat":"","_seopress_titles_title":"Schwangerschaftsmassage-D\u00fcsseldorf","_seopress_titles_desc":"Massage f\u00fcr Schwangere in D\u00fcsseldorf und Umgebung","_seopress_robots_index":"","footnotes":""},"class_list":["post-2","page","type-page","status-publish","hentry"],"jetpack_sharing_enabled":true,"_links":{"self":[{"href":"https:\/\/schwangerschaftsmassage-duesseldorf.de\/index.php\/wp-json\/wp\/v2\/pages\/2","targetHints":{"allow":["GET"]}}],"collection":[{"href":"https:\/\/schwangerschaftsmassage-duesseldorf.de\/index.php\/wp-json\/wp\/v2\/pages"}],"about":[{"href":"https:\/\/schwangerschaftsmassage-duesseldorf.de\/index.php\/wp-json\/wp\/v2\/types\/page"}],"author":[{"embeddable":true,"href":"https:\/\/schwangerschaftsmassage-duesseldorf.de\/index.php\/wp-json\/wp\/v2\/users\/1"}],"replies":[{"embeddable":true,"href":"https:\/\/schwangerschaftsmassage-duesseldorf.de\/index.php\/wp-json\/wp\/v2\/comments?post=2"}],"version-history":[{"count":13,"href":"https:\/\/schwangerschaftsmassage-duesseldorf.de\/index.php\/wp-json\/wp\/v2\/pages\/2\/revisions"}],"predecessor-version":[{"id":49,"href":"https:\/\/schwangerschaftsmassage-duesseldorf.de\/index.php\/wp-json\/wp\/v2\/pages\/2\/revisions\/49"}],"wp:attachment":[{"href":"https:\/\/schwangerschaftsmassage-duesseldorf.de\/index.php\/wp-json\/wp\/v2\/media?parent=2"}],"curies":[{"name":"wp","href":"https:\/\/api.w.org\/{rel}","templated":true}]}}